{"id":26563,"date":"2023-03-03T13:29:17","date_gmt":"2023-03-03T12:29:17","guid":{"rendered":"https:\/\/www.carpetstones.nl\/gestaltungsfreiheit\/"},"modified":"2023-03-06T14:49:12","modified_gmt":"2023-03-06T13:49:12","slug":"gestaltungsfreiheit","status":"publish","type":"page","link":"https:\/\/www.carpetstones.nl\/de\/gestaltungsfreiheit\/","title":{"rendered":"Gestaltungsfreiheit"},"content":{"rendered":"\n<h1 class=\"wp-block-heading\">Gestaltungsfreiheit<\/h1>\n\n<p>Durch das einzigartige System von verschiedenen Elementen sind Ihren Gestaltungsm\u00f6glichkeiten fast keine Grenzen gesetzt. Ob es sich um Kreise, B\u00f6gen, F\u00e4cher oder Rechtecke handelt, mit den Elementen lassen sich alle Pflasterungsformen realisieren.&#13;\n&#13;\n<\/p>\n\n<p>Die Flexibilit\u00e4t bei der Verarbeitung von Carpet Stones wird au\u00dferdem durch die Verbindung von einzelnen Steinen und die M\u00f6glichkeit, die Elemente zu trennen, noch vergr\u00f6\u00dfert.<\/p>\n\n<p>Das Fugensystem garantiert eine optimale Wasserdurchl\u00e4ssigkeit entsprechend der deutschen Norm A 138 ATV (Oberfl\u00e4chen-Durchl\u00e4ssigkeit).<\/p>\n\n<p>F\u00fcr den Transport innerhalb NRW berechnen wir \u20ac249,00 inclusive MwSt pro Bestellung. F\u00fcr Bestellungen ausser NRW Transportpreis auf Anfrage. Bestellungen \u00fcber \u20ac 3300,00 werden gratis geliefert.<\/p>\n\n<figure class=\"wp-block-embed is-type-video is-provider-youtube wp-block-embed-youtube wp-embed-aspect-16-9 wp-has-aspect-ratio\"><div class=\"wp-block-embed__wrapper\">\r\n<iframe title=\"CARPETSTONES Logo CS\" width=\"500\" height=\"281\" data-src=\"https:\/\/www.youtube.com\/embed\/4pHu6n45U5s?feature=oembed\" frameborder=\"0\" allow=\"accelerometer; autoplay; clipboard-write; encrypted-media; gyroscope; picture-in-picture; web-share\" referrerpolicy=\"strict-origin-when-cross-origin\" allowfullscreen src=\"data:image\/svg+xml;base64,PHN2ZyB3aWR0aD0iMSIgaGVpZ2h0PSIxIiB4bWxucz0iaHR0cDovL3d3dy53My5vcmcvMjAwMC9zdmciPjwvc3ZnPg==\" class=\"lazyload\" data-load-mode=\"1\"><\/iframe>\r\n<\/div><\/figure>\r\n","protected":false},"excerpt":{"rendered":"<p>Gestaltungsfreiheit Durch das einzigartige System von verschiedenen Elementen sind Ihren Gestaltungsm\u00f6glichkeiten fast keine Grenzen gesetzt. Ob es sich um Kreise, B\u00f6gen, F\u00e4cher oder Rechtecke handelt, mit den Elementen lassen sich alle Pflasterungsformen realisieren.&#13; &#13; Die Flexibilit\u00e4t bei der Verarbeitung von Carpet Stones wird au\u00dferdem durch die Verbindung von einzelnen Steinen und die M\u00f6glichkeit, die Elemente [&hellip;]<\/p>\n","protected":false},"author":11,"featured_media":0,"parent":0,"menu_order":0,"comment_status":"closed","ping_status":"closed","template":"","meta":{"site-sidebar-layout":"default","site-content-layout":"","ast-site-content-layout":"default","site-content-style":"default","site-sidebar-style":"default","ast-global-header-display":"","ast-banner-title-visibility":"","ast-main-header-display":"","ast-hfb-above-header-display":"","ast-hfb-below-header-display":"","ast-hfb-mobile-header-display":"","site-post-title":"disabled","ast-breadcrumbs-content":"","ast-featured-img":"","footer-sml-layout":"","ast-disable-related-posts":"","theme-transparent-header-meta":"","adv-header-id-meta":"","stick-header-meta":"","header-above-stick-meta":"","header-main-stick-meta":"","header-below-stick-meta":"","astra-migrate-meta-layouts":"default","ast-page-background-enabled":"default","ast-page-background-meta":{"desktop":{"background-color":"var(--ast-global-color-4)","background-image":"","background-repeat":"repeat","background-position":"center center","background-size":"auto","background-attachment":"scroll","background-type":"","background-media":"","overlay-type":"","overlay-color":"","overlay-opacity":"","overlay-gradient":""},"tablet":{"background-color":"","background-image":"","background-repeat":"repeat","background-position":"center center","background-size":"auto","background-attachment":"scroll","background-type":"","background-media":"","overlay-type":"","overlay-color":"","overlay-opacity":"","overlay-gradient":""},"mobile":{"background-color":"","background-image":"","background-repeat":"repeat","background-position":"center center","background-size":"auto","background-attachment":"scroll","background-type":"","background-media":"","overlay-type":"","overlay-color":"","overlay-opacity":"","overlay-gradient":""}},"ast-content-background-meta":{"desktop":{"background-color":"var(--ast-global-color-5)","background-image":"","background-repeat":"repeat","background-position":"center center","background-size":"auto","background-attachment":"scroll","background-type":"","background-media":"","overlay-type":"","overlay-color":"","overlay-opacity":"","overlay-gradient":""},"tablet":{"background-color":"var(--ast-global-color-5)","background-image":"","background-repeat":"repeat","background-position":"center center","background-size":"auto","background-attachment":"scroll","background-type":"","background-media":"","overlay-type":"","overlay-color":"","overlay-opacity":"","overlay-gradient":""},"mobile":{"background-color":"var(--ast-global-color-5)","background-image":"","background-repeat":"repeat","background-position":"center center","background-size":"auto","background-attachment":"scroll","background-type":"","background-media":"","overlay-type":"","overlay-color":"","overlay-opacity":"","overlay-gradient":""}},"footnotes":""},"class_list":["post-26563","page","type-page","status-publish","hentry"],"yoast_head":"<!-- This site is optimized with the Yoast SEO plugin v27.3 - https:\/\/yoast.com\/product\/yoast-seo-wordpress\/ -->\n<title>Gestaltungsfreiheit - Carpet Stones<\/title>\n<meta name=\"robots\" content=\"index, follow, max-snippet:-1, max-image-preview:large, max-video-preview:-1\" \/>\n<link rel=\"canonical\" href=\"https:\/\/www.carpetstones.nl\/de\/gestaltungsfreiheit\/\" \/>\n<meta property=\"og:locale\" content=\"de_DE\" \/>\n<meta property=\"og:type\" content=\"article\" \/>\n<meta property=\"og:title\" content=\"Gestaltungsfreiheit - Carpet Stones\" \/>\n<meta property=\"og:description\" content=\"Gestaltungsfreiheit Durch das einzigartige System von verschiedenen Elementen sind Ihren Gestaltungsm\u00f6glichkeiten fast keine Grenzen gesetzt. Ob es sich um Kreise, B\u00f6gen, F\u00e4cher oder Rechtecke handelt, mit den Elementen lassen sich alle Pflasterungsformen realisieren.&#013; &#013; Die Flexibilit\u00e4t bei der Verarbeitung von Carpet Stones wird au\u00dferdem durch die Verbindung von einzelnen Steinen und die M\u00f6glichkeit, die Elemente [&hellip;]\" \/>\n<meta property=\"og:url\" content=\"https:\/\/www.carpetstones.nl\/de\/gestaltungsfreiheit\/\" \/>\n<meta property=\"og:site_name\" content=\"Carpet Stones\" \/>\n<meta property=\"article:modified_time\" content=\"2023-03-06T13:49:12+00:00\" \/>\n<meta name=\"twitter:card\" content=\"summary_large_image\" \/>\n<meta name=\"twitter:label1\" content=\"Gesch\u00e4tzte Lesezeit\" \/>\n\t<meta name=\"twitter:data1\" content=\"1\u00a0Minute\" \/>\n<script type=\"application\/ld+json\" class=\"yoast-schema-graph\">{\"@context\":\"https:\\\/\\\/schema.org\",\"@graph\":[{\"@type\":\"WebPage\",\"@id\":\"https:\\\/\\\/www.carpetstones.nl\\\/de\\\/gestaltungsfreiheit\\\/\",\"url\":\"https:\\\/\\\/www.carpetstones.nl\\\/de\\\/gestaltungsfreiheit\\\/\",\"name\":\"Gestaltungsfreiheit - Carpet Stones\",\"isPartOf\":{\"@id\":\"https:\\\/\\\/www.carpetstones.nl\\\/#website\"},\"datePublished\":\"2023-03-03T12:29:17+00:00\",\"dateModified\":\"2023-03-06T13:49:12+00:00\",\"breadcrumb\":{\"@id\":\"https:\\\/\\\/www.carpetstones.nl\\\/de\\\/gestaltungsfreiheit\\\/#breadcrumb\"},\"inLanguage\":\"de\",\"potentialAction\":[{\"@type\":\"ReadAction\",\"target\":[\"https:\\\/\\\/www.carpetstones.nl\\\/de\\\/gestaltungsfreiheit\\\/\"]}]},{\"@type\":\"BreadcrumbList\",\"@id\":\"https:\\\/\\\/www.carpetstones.nl\\\/de\\\/gestaltungsfreiheit\\\/#breadcrumb\",\"itemListElement\":[{\"@type\":\"ListItem\",\"position\":1,\"name\":\"Home\",\"item\":\"https:\\\/\\\/www.carpetstones.nl\\\/de\\\/\"},{\"@type\":\"ListItem\",\"position\":2,\"name\":\"Gestaltungsfreiheit\"}]},{\"@type\":\"WebSite\",\"@id\":\"https:\\\/\\\/www.carpetstones.nl\\\/#website\",\"url\":\"https:\\\/\\\/www.carpetstones.nl\\\/\",\"name\":\"Carpet Stones\",\"description\":\"Met gemak een klasse bestrating\",\"publisher\":{\"@id\":\"https:\\\/\\\/www.carpetstones.nl\\\/#organization\"},\"potentialAction\":[{\"@type\":\"SearchAction\",\"target\":{\"@type\":\"EntryPoint\",\"urlTemplate\":\"https:\\\/\\\/www.carpetstones.nl\\\/?s={search_term_string}\"},\"query-input\":{\"@type\":\"PropertyValueSpecification\",\"valueRequired\":true,\"valueName\":\"search_term_string\"}}],\"inLanguage\":\"de\"},{\"@type\":\"Organization\",\"@id\":\"https:\\\/\\\/www.carpetstones.nl\\\/#organization\",\"name\":\"Carpet Stones\",\"url\":\"https:\\\/\\\/www.carpetstones.nl\\\/\",\"logo\":{\"@type\":\"ImageObject\",\"inLanguage\":\"de\",\"@id\":\"https:\\\/\\\/www.carpetstones.nl\\\/#\\\/schema\\\/logo\\\/image\\\/\",\"url\":\"https:\\\/\\\/www.carpetstones.nl\\\/wp-content\\\/uploads\\\/2022\\\/04\\\/carpetstones_logo_diap2.png\",\"contentUrl\":\"https:\\\/\\\/www.carpetstones.nl\\\/wp-content\\\/uploads\\\/2022\\\/04\\\/carpetstones_logo_diap2.png\",\"width\":1152,\"height\":236,\"caption\":\"Carpet Stones\"},\"image\":{\"@id\":\"https:\\\/\\\/www.carpetstones.nl\\\/#\\\/schema\\\/logo\\\/image\\\/\"}}]}<\/script>\n<!-- \/ Yoast SEO plugin. -->","yoast_head_json":{"title":"Gestaltungsfreiheit - Carpet Stones","robots":{"index":"index","follow":"follow","max-snippet":"max-snippet:-1","max-image-preview":"max-image-preview:large","max-video-preview":"max-video-preview:-1"},"canonical":"https:\/\/www.carpetstones.nl\/de\/gestaltungsfreiheit\/","og_locale":"de_DE","og_type":"article","og_title":"Gestaltungsfreiheit - Carpet Stones","og_description":"Gestaltungsfreiheit Durch das einzigartige System von verschiedenen Elementen sind Ihren Gestaltungsm\u00f6glichkeiten fast keine Grenzen gesetzt. Ob es sich um Kreise, B\u00f6gen, F\u00e4cher oder Rechtecke handelt, mit den Elementen lassen sich alle Pflasterungsformen realisieren.&#13; &#13; Die Flexibilit\u00e4t bei der Verarbeitung von Carpet Stones wird au\u00dferdem durch die Verbindung von einzelnen Steinen und die M\u00f6glichkeit, die Elemente [&hellip;]","og_url":"https:\/\/www.carpetstones.nl\/de\/gestaltungsfreiheit\/","og_site_name":"Carpet Stones","article_modified_time":"2023-03-06T13:49:12+00:00","twitter_card":"summary_large_image","twitter_misc":{"Gesch\u00e4tzte Lesezeit":"1\u00a0Minute"},"schema":{"@context":"https:\/\/schema.org","@graph":[{"@type":"WebPage","@id":"https:\/\/www.carpetstones.nl\/de\/gestaltungsfreiheit\/","url":"https:\/\/www.carpetstones.nl\/de\/gestaltungsfreiheit\/","name":"Gestaltungsfreiheit - Carpet Stones","isPartOf":{"@id":"https:\/\/www.carpetstones.nl\/#website"},"datePublished":"2023-03-03T12:29:17+00:00","dateModified":"2023-03-06T13:49:12+00:00","breadcrumb":{"@id":"https:\/\/www.carpetstones.nl\/de\/gestaltungsfreiheit\/#breadcrumb"},"inLanguage":"de","potentialAction":[{"@type":"ReadAction","target":["https:\/\/www.carpetstones.nl\/de\/gestaltungsfreiheit\/"]}]},{"@type":"BreadcrumbList","@id":"https:\/\/www.carpetstones.nl\/de\/gestaltungsfreiheit\/#breadcrumb","itemListElement":[{"@type":"ListItem","position":1,"name":"Home","item":"https:\/\/www.carpetstones.nl\/de\/"},{"@type":"ListItem","position":2,"name":"Gestaltungsfreiheit"}]},{"@type":"WebSite","@id":"https:\/\/www.carpetstones.nl\/#website","url":"https:\/\/www.carpetstones.nl\/","name":"Carpet Stones","description":"Met gemak een klasse bestrating","publisher":{"@id":"https:\/\/www.carpetstones.nl\/#organization"},"potentialAction":[{"@type":"SearchAction","target":{"@type":"EntryPoint","urlTemplate":"https:\/\/www.carpetstones.nl\/?s={search_term_string}"},"query-input":{"@type":"PropertyValueSpecification","valueRequired":true,"valueName":"search_term_string"}}],"inLanguage":"de"},{"@type":"Organization","@id":"https:\/\/www.carpetstones.nl\/#organization","name":"Carpet Stones","url":"https:\/\/www.carpetstones.nl\/","logo":{"@type":"ImageObject","inLanguage":"de","@id":"https:\/\/www.carpetstones.nl\/#\/schema\/logo\/image\/","url":"https:\/\/www.carpetstones.nl\/wp-content\/uploads\/2022\/04\/carpetstones_logo_diap2.png","contentUrl":"https:\/\/www.carpetstones.nl\/wp-content\/uploads\/2022\/04\/carpetstones_logo_diap2.png","width":1152,"height":236,"caption":"Carpet Stones"},"image":{"@id":"https:\/\/www.carpetstones.nl\/#\/schema\/logo\/image\/"}}]}},"_links":{"self":[{"href":"https:\/\/www.carpetstones.nl\/de\/wp-json\/wp\/v2\/pages\/26563","targetHints":{"allow":["GET"]}}],"collection":[{"href":"https:\/\/www.carpetstones.nl\/de\/wp-json\/wp\/v2\/pages"}],"about":[{"href":"https:\/\/www.carpetstones.nl\/de\/wp-json\/wp\/v2\/types\/page"}],"author":[{"embeddable":true,"href":"https:\/\/www.carpetstones.nl\/de\/wp-json\/wp\/v2\/users\/11"}],"replies":[{"embeddable":true,"href":"https:\/\/www.carpetstones.nl\/de\/wp-json\/wp\/v2\/comments?post=26563"}],"version-history":[{"count":3,"href":"https:\/\/www.carpetstones.nl\/de\/wp-json\/wp\/v2\/pages\/26563\/revisions"}],"predecessor-version":[{"id":26569,"href":"https:\/\/www.carpetstones.nl\/de\/wp-json\/wp\/v2\/pages\/26563\/revisions\/26569"}],"wp:attachment":[{"href":"https:\/\/www.carpetstones.nl\/de\/wp-json\/wp\/v2\/media?parent=26563"}],"curies":[{"name":"wp","href":"https:\/\/api.w.org\/{rel}","templated":true}]}}